{"id":1198,"date":"2017-09-04T20:49:28","date_gmt":"2017-09-04T20:49:28","guid":{"rendered":"http:\/\/f\u00f6rderzentrum-am-meer.de\/?page_id=1198"},"modified":"2025-09-17T08:52:32","modified_gmt":"2025-09-17T08:52:32","slug":"berufsorientierung","status":"publish","type":"page","link":"https:\/\/f\u00f6rderzentrum-am-meer.de\/?page_id=1198","title":{"rendered":"Berufsorientierung"},"content":{"rendered":"<h3 style=\"text-align: justify;\"><span style=\"color: #003366;\">Unseren Sch\u00fclern werden umfangreiche Methoden und M\u00f6glichkeiten der Berufsfr\u00fchorientierung bzw. Berufsorientierung angeboten:<\/span><\/h3>\n<p>&nbsp;<\/p>\n<ul>\n<li>\n<h4><span style=\"color: #003366;\">Praktika ab Klasse 8 (im Rahmen des AWT-Unterrichts) <\/span><span style=\"color: #003366;\"><br \/>\n<\/span><\/h4>\n<\/li>\n<li>\n<h4><span style=\"color: #003366;\">Praxislerntag ab Klasse 9<\/span><\/h4>\n<\/li>\n<li>\n<h4><span style=\"color: #003366;\">Blockpraktika \/ Sch\u00fclerpraktika<\/span><\/h4>\n<\/li>\n<li>\n<h4><span style=\"color: #003366;\">Berufsberatung in der Schule<\/span><\/h4>\n<\/li>\n<li>\n<h4><span style=\"color: #003366;\">Berufswahlpass<\/span><\/h4>\n<\/li>\n<li>\n<h4><span style=\"color: #003366;\">Besuch der Jobfactory<\/span><\/h4>\n<\/li>\n<li>\n<h4><span style=\"color: #003366;\">Sch\u00fclerfirmen&nbsp;<\/span><\/h4>\n<\/li>\n<li>\n<h4><span style=\"color: #003366;\">Beratung durch den Integrationsfachdienst<\/span><\/h4>\n<\/li>\n<li>\n<h4><span style=\"color: #003366;\">Beteiligung am sozialen Tag<\/span><\/h4>\n<\/li>\n<\/ul>\n<p>&nbsp;<\/p>\n<p>&nbsp;<\/p>\n<p>&nbsp;<\/p>\n<p>&nbsp;<\/p>\n","protected":false},"excerpt":{"rendered":"<p>Unseren Sch\u00fclern werden umfangreiche Methoden und M\u00f6glichkeiten der Berufsfr\u00fchorientierung bzw. Berufsorientierung angeboten: &nbsp; Praktika ab Klasse 8 (im Rahmen des AWT-Unterrichts) Praxislerntag ab Klasse 9 Blockpraktika \/ Sch\u00fclerpraktika Berufsberatung in der Schule Berufswahlpass Besuch der Jobfactory Sch\u00fclerfirmen&nbsp; Beratung durch den Integrationsfachdienst Beteiligung am sozialen Tag &nbsp; &nbsp; &nbsp; &nbsp;<\/p>\n","protected":false},"author":1,"featured_media":0,"parent":0,"menu_order":0,"comment_status":"closed","ping_status":"closed","template":"","meta":{"ngg_post_thumbnail":0,"footnotes":""},"class_list":["post-1198","page","type-page","status-publish","hentry"],"_links":{"self":[{"href":"https:\/\/f\u00f6rderzentrum-am-meer.de\/index.php?rest_route=\/wp\/v2\/pages\/1198"}],"collection":[{"href":"https:\/\/f\u00f6rderzentrum-am-meer.de\/index.php?rest_route=\/wp\/v2\/pages"}],"about":[{"href":"https:\/\/f\u00f6rderzentrum-am-meer.de\/index.php?rest_route=\/wp\/v2\/types\/page"}],"author":[{"embeddable":true,"href":"https:\/\/f\u00f6rderzentrum-am-meer.de\/index.php?rest_route=\/wp\/v2\/users\/1"}],"replies":[{"embeddable":true,"href":"https:\/\/f\u00f6rderzentrum-am-meer.de\/index.php?rest_route=%2Fwp%2Fv2%2Fcomments&post=1198"}],"version-history":[{"count":13,"href":"https:\/\/f\u00f6rderzentrum-am-meer.de\/index.php?rest_route=\/wp\/v2\/pages\/1198\/revisions"}],"predecessor-version":[{"id":2886,"href":"https:\/\/f\u00f6rderzentrum-am-meer.de\/index.php?rest_route=\/wp\/v2\/pages\/1198\/revisions\/2886"}],"wp:attachment":[{"href":"https:\/\/f\u00f6rderzentrum-am-meer.de\/index.php?rest_route=%2Fwp%2Fv2%2Fmedia&parent=1198"}],"curies":[{"name":"wp","href":"https:\/\/api.w.org\/{rel}","templated":true}]}}