{"id":373,"date":"2016-10-21T14:32:58","date_gmt":"2016-10-21T14:32:58","guid":{"rendered":"http:\/\/f\u00f6rderzentrum-am-meer.de\/?page_id=373"},"modified":"2026-01-12T09:28:49","modified_gmt":"2026-01-12T09:28:49","slug":"startseite","status":"publish","type":"page","link":"https:\/\/f\u00f6rderzentrum-am-meer.de\/","title":{"rendered":""},"content":{"rendered":"<p>&nbsp;<\/p>\n<h2 style=\"text-align: center;\"><span style=\"color: #003366;\">HERZLICH WILLKOMMEN<\/span><\/h2>\n<h3 style=\"text-align: center;\"><span style=\"color: #003366;\">bei uns am<\/span><\/h3>\n<h2 style=\"text-align: center;\"><span style=\"color: #003366;\">Sonderp\u00e4dagogischen F\u00f6rderzentrum &#8222;Am Meer&#8220;<\/span><\/h2>\n<p style=\"text-align: center;\"><span style=\"color: #003366;\">\n<table id=\"tablepress-13\" class=\"tablepress tablepress-id-13\">\n<tbody>\n<tr class=\"row-1\">\n\t<td class=\"column-1\"><\/td><td class=\"column-2\"><\/td><td class=\"column-3\"><\/td>\n<\/tr>\n<\/tbody>\n<\/table>\n<!-- #tablepress-13 from cache --><\/span><\/p>\n<h4 style=\"text-align: center;\"><span style=\"color: #003366;\">Allgemeine F\u00f6rderschule<\/span><\/h4>\n<h4 style=\"text-align: center;\"><span style=\"color: #003366;\">mit Schulteil&nbsp;zur individuellen Lebensbew\u00e4ltigung<\/span><\/h4>\n<p>&nbsp;<\/p>\n<h2 style=\"text-align: left;\"><img loading=\"lazy\" decoding=\"async\" class=\"wp-image-12 aligncenter\" src=\"http:\/\/xn--frderzentrum-am-meer-39b.de\/wp-content\/uploads\/2016\/02\/sfz1-e1456598599748.jpg\" alt=\"SFZ\" width=\"292\" height=\"373\" srcset=\"https:\/\/xn--frderzentrum-am-meer-39b.de\/wp-content\/uploads\/2016\/02\/sfz1-e1456598599748.jpg 500w, https:\/\/xn--frderzentrum-am-meer-39b.de\/wp-content\/uploads\/2016\/02\/sfz1-e1456598599748-234x300.jpg 234w\" sizes=\"(max-width: 292px) 100vw, 292px\" \/><\/h2>\n<p style=\"text-align: center;\"><span style=\"text-decoration: underline; color: #003366;\">Anschrift:<\/span><\/p>\n<h4 style=\"text-align: center;\" align=\"left\"><span style=\"color: #003366;\">Dr.-Leber-Stra\u00dfe 14,&nbsp;18181 Graal-M\u00fcritz<\/span><span style=\"color: #003366;\">&nbsp;<\/span><\/h4>\n<h4 style=\"text-align: center;\" align=\"left\"><span style=\"color: #003366;\">Telefon: &nbsp;038206-77212,&nbsp;Fax: 038206-77813<\/span><\/h4>\n<h4 style=\"text-align: center;\" align=\"left\"><span style=\"color: #003366;\">E-mail: &nbsp;afs-graal-mueritz@t-online.de<\/span><\/h4>\n<p>&nbsp;<\/p>\n<h4 style=\"text-align: center;\"><span style=\"color: #003366;\">Schulleiterin: Anja M\u00f6ller<\/span><\/h4>\n<h4 style=\"text-align: center;\" align=\"left\"><span style=\"color: #003366;\">Stellv. Schulleiterin: Katrin van Dielen<\/span><\/h4>\n\n<table id=\"tablepress-62\" class=\"tablepress tablepress-id-62\">\n<tbody>\n<tr class=\"row-1\">\n\t<td class=\"column-1\"><\/td><td class=\"column-2\"><img loading=\"lazy\" decoding=\"async\" src=\"http:\/\/xn--frderzentrum-am-meer-39b.de\/wp-content\/uploads\/2016\/09\/logo-schule-mit-vorbildlicher-berufsorientierung-rz-270x300.jpg\" alt=\"\" width=\"270\" height=\"300\" class=\"alignnone size-medium wp-image-288\" \/><\/td><td class=\"column-3\"><\/td>\n<\/tr>\n<\/tbody>\n<\/table>\n<!-- #tablepress-62 from cache -->\n<p><span style=\"color: #333333;\">&nbsp; &nbsp; &nbsp; &nbsp; &nbsp; &nbsp; &nbsp;<\/span><\/p>\n<p>&nbsp;<\/p>\n\n\n<figure class=\"wp-block-gallery has-nested-images columns-default is-cropped wp-block-gallery-1 is-layout-flex wp-block-gallery-is-layout-flex\"><\/figure>\n\n\n\n<figure class=\"wp-block-gallery has-nested-images columns-default is-cropped wp-block-gallery-2 is-layout-flex wp-block-gallery-is-layout-flex\"><\/figure>\n","protected":false},"excerpt":{"rendered":"<p>&nbsp; HERZLICH WILLKOMMEN bei uns am Sonderp\u00e4dagogischen F\u00f6rderzentrum &#8222;Am Meer&#8220; Allgemeine F\u00f6rderschule mit Schulteil&nbsp;zur individuellen Lebensbew\u00e4ltigung &nbsp; Anschrift: Dr.-Leber-Stra\u00dfe 14,&nbsp;18181 Graal-M\u00fcritz&nbsp; Telefon: &nbsp;038206-77212,&nbsp;Fax: 038206-77813 E-mail: &nbsp;afs-graal-mueritz@t-online.de &nbsp; Schulleiterin: Anja M\u00f6ller Stellv. Schulleiterin: Katrin van Dielen &nbsp; &nbsp; &nbsp; &nbsp; &nbsp; &nbsp; &nbsp; &nbsp;<\/p>\n","protected":false},"author":1,"featured_media":0,"parent":0,"menu_order":0,"comment_status":"closed","ping_status":"closed","template":"","meta":{"ngg_post_thumbnail":0,"footnotes":""},"class_list":["post-373","page","type-page","status-publish","hentry"],"_links":{"self":[{"href":"https:\/\/f\u00f6rderzentrum-am-meer.de\/index.php?rest_route=\/wp\/v2\/pages\/373"}],"collection":[{"href":"https:\/\/f\u00f6rderzentrum-am-meer.de\/index.php?rest_route=\/wp\/v2\/pages"}],"about":[{"href":"https:\/\/f\u00f6rderzentrum-am-meer.de\/index.php?rest_route=\/wp\/v2\/types\/page"}],"author":[{"embeddable":true,"href":"https:\/\/f\u00f6rderzentrum-am-meer.de\/index.php?rest_route=\/wp\/v2\/users\/1"}],"replies":[{"embeddable":true,"href":"https:\/\/f\u00f6rderzentrum-am-meer.de\/index.php?rest_route=%2Fwp%2Fv2%2Fcomments&post=373"}],"version-history":[{"count":29,"href":"https:\/\/f\u00f6rderzentrum-am-meer.de\/index.php?rest_route=\/wp\/v2\/pages\/373\/revisions"}],"predecessor-version":[{"id":2935,"href":"https:\/\/f\u00f6rderzentrum-am-meer.de\/index.php?rest_route=\/wp\/v2\/pages\/373\/revisions\/2935"}],"wp:attachment":[{"href":"https:\/\/f\u00f6rderzentrum-am-meer.de\/index.php?rest_route=%2Fwp%2Fv2%2Fmedia&parent=373"}],"curies":[{"name":"wp","href":"https:\/\/api.w.org\/{rel}","templated":true}]}}