{"id":558,"date":"2016-12-13T20:02:01","date_gmt":"2016-12-13T20:02:01","guid":{"rendered":"http:\/\/f\u00f6rderzentrum-am-meer.de\/?page_id=558"},"modified":"2025-04-02T15:35:31","modified_gmt":"2025-04-02T15:35:31","slug":"schulsozialarbeit","status":"publish","type":"page","link":"https:\/\/f\u00f6rderzentrum-am-meer.de\/?page_id=558","title":{"rendered":"Schulsozialarbeit"},"content":{"rendered":"<p>Schulsozialarbeit ist ein eigenst\u00e4ndiges Angebot der Jugendhilfe im Sozialraum Schule und versteht sich als Schnittstelle zwischen Schule und Jugendhilfe. Das Angebot richtet sich insbesondere an Lernende, deren Schulerfolg durch besondere Probleme gef\u00e4hrdet oder beeintr\u00e4chtigt ist. Schulsozialarbeit bietet allen am Schulalltag Beteiligten Unterst\u00fctzung in Form von Beratung und gegebenenfalls von Vermittlung in weiterf\u00fchrende Hilfen an. Durch regelm\u00e4\u00dfige Kontaktzeiten an den Schulen ist ein direkter Ansprechpartner vor Ort. Somit k\u00f6nnen Probleme und Krisen fr\u00fchzeitig erkannt werden. Schulsozialarbeit versteht sich als vertrauensvoller Partner auf der Basis von Freiwilligkeit und Verschwiegenheit.<\/p>\n<p><strong><u>f\u00fcr Lernende<\/u><\/strong><\/p>\n<ul>\n<li>Beratung zu verschiedenen Problem- und Konfliktsituationen in Einzelf\u00e4llen und in Gruppen-\/ Klassensituationen<\/li>\n<li>Unterst\u00fctzung Sch\u00fclerrat, Streitschlichter<\/li>\n<li>Streitschlichtung zwischen Lernenden, Lernenden und Lehrenden, Lernenden und Eltern<\/li>\n<li>Schulprojekte, Projektstunden<\/li>\n<\/ul>\n<p><strong><u>f\u00fcr Eltern, Erziehungsberechtigte<\/u><\/strong><\/p>\n<ul>\n<li>Beratung und Unterst\u00fctzung in Erziehungs-\/Lebensfragen<\/li>\n<li>bei Bedarf Unterst\u00fctzung in der Vermittlung weiterf\u00fchrender Hilfen<\/li>\n<\/ul>\n<p>Vermittlung zwischen Elternhaus und Schule<\/p>\n<p><strong>Tr\u00e4ger:<\/strong> JSW gGmbH Region Rostock, Ribnitzer Stra\u00dfe 11, 18181 Graal-M\u00fcritz<\/p>\n<p><strong>Kontakt: <\/strong>&nbsp;Sarah Brecht (Terminvereinbarung \u00fcber das SFZ \u201eAm Meer\u201c&nbsp; Sekretariat 038206\/77212)&nbsp;&nbsp;<\/p>\n<p><img loading=\"lazy\" decoding=\"async\" class=\"alignnone  wp-image-2160\" src=\"https:\/\/xn--frderzentrum-am-meer-39b.de\/wp-content\/uploads\/2021\/08\/jsw.jpg\" alt=\"\" width=\"275\" height=\"124\"><img loading=\"lazy\" decoding=\"async\" class=\"size-full wp-image-2159 alignright\" src=\"https:\/\/xn--frderzentrum-am-meer-39b.de\/wp-content\/uploads\/2021\/08\/eu.jpg\" alt=\"\" width=\"300\" height=\"88\"><\/p>\n","protected":false},"excerpt":{"rendered":"<p>Schulsozialarbeit ist ein eigenst\u00e4ndiges Angebot der Jugendhilfe im Sozialraum Schule und versteht sich als Schnittstelle zwischen Schule und Jugendhilfe. Das Angebot richtet sich insbesondere an Lernende, deren Schulerfolg durch besondere Probleme gef\u00e4hrdet oder beeintr\u00e4chtigt ist. Schulsozialarbeit bietet allen am Schulalltag Beteiligten Unterst\u00fctzung in Form von Beratung und gegebenenfalls von Vermittlung in weiterf\u00fchrende Hilfen an. Durch &hellip; <a href=\"https:\/\/f\u00f6rderzentrum-am-meer.de\/?page_id=558\" class=\"more-link\"><span class=\"screen-reader-text\">Schulsozialarbeit<\/span> weiterlesen <span class=\"meta-nav\">&rarr;<\/span><\/a><\/p>\n","protected":false},"author":1,"featured_media":0,"parent":0,"menu_order":0,"comment_status":"closed","ping_status":"closed","template":"","meta":{"ngg_post_thumbnail":0,"footnotes":""},"class_list":["post-558","page","type-page","status-publish","hentry"],"_links":{"self":[{"href":"https:\/\/f\u00f6rderzentrum-am-meer.de\/index.php?rest_route=\/wp\/v2\/pages\/558"}],"collection":[{"href":"https:\/\/f\u00f6rderzentrum-am-meer.de\/index.php?rest_route=\/wp\/v2\/pages"}],"about":[{"href":"https:\/\/f\u00f6rderzentrum-am-meer.de\/index.php?rest_route=\/wp\/v2\/types\/page"}],"author":[{"embeddable":true,"href":"https:\/\/f\u00f6rderzentrum-am-meer.de\/index.php?rest_route=\/wp\/v2\/users\/1"}],"replies":[{"embeddable":true,"href":"https:\/\/f\u00f6rderzentrum-am-meer.de\/index.php?rest_route=%2Fwp%2Fv2%2Fcomments&post=558"}],"version-history":[{"count":18,"href":"https:\/\/f\u00f6rderzentrum-am-meer.de\/index.php?rest_route=\/wp\/v2\/pages\/558\/revisions"}],"predecessor-version":[{"id":2745,"href":"https:\/\/f\u00f6rderzentrum-am-meer.de\/index.php?rest_route=\/wp\/v2\/pages\/558\/revisions\/2745"}],"wp:attachment":[{"href":"https:\/\/f\u00f6rderzentrum-am-meer.de\/index.php?rest_route=%2Fwp%2Fv2%2Fmedia&parent=558"}],"curies":[{"name":"wp","href":"https:\/\/api.w.org\/{rel}","templated":true}]}}